{"id":2175,"date":"2021-01-18T11:55:38","date_gmt":"2021-01-18T10:55:38","guid":{"rendered":"https:\/\/babirusadanza.com\/biografia-babirusa-danza\/"},"modified":"2024-05-22T13:49:33","modified_gmt":"2024-05-22T11:49:33","slug":"bio-babirusa-danza","status":"publish","type":"page","link":"https:\/\/babirusadanza.com\/en\/bio-babirusa-danza\/","title":{"rendered":"Bio"},"content":{"rendered":"\t\t<div data-elementor-type=\"wp-page\" data-elementor-id=\"2175\" class=\"elementor elementor-2175 elementor-705\">\n\t\t\t\t\t\t<section class=\"elementor-section elementor-top-section elementor-element elementor-element-0bbf852 elementor-section-full_width elementor-section-height-default elementor-section-height-default parallax_section_no qode_elementor_container_no qode-content-aligment-left\" data-id=\"0bbf852\" data-element_type=\"section\" data-e-type=\"section\">\n\t\t\t\t\t\t<div class=\"elementor-container elementor-column-gap-default\">\n\t\t\t\t\t<div class=\"elementor-column elementor-col-25 elementor-top-column elementor-element elementor-element-c92bf43\" data-id=\"c92bf43\" data-element_type=\"column\" data-e-type=\"column\">\n\t\t\t<div class=\"elementor-widget-wrap\">\n\t\t\t\t\t\t\t<\/div>\n\t\t<\/div>\n\t\t\t\t<div class=\"elementor-column elementor-col-25 elementor-top-column elementor-element elementor-element-09b31c5\" data-id=\"09b31c5\" data-element_type=\"column\" data-e-type=\"column\">\n\t\t\t<div class=\"elementor-widget-wrap elementor-element-populated\">\n\t\t\t\t\t\t<div class=\"elementor-element elementor-element-3179c96 elementor-widget elementor-widget-text-editor\" data-id=\"3179c96\" data-element_type=\"widget\" data-e-type=\"widget\" data-widget_type=\"text-editor.default\">\n\t\t\t\t<div class=\"elementor-widget-container\">\n\t\t\t\t\t\t\t\t\t<h1>FOUNDERS,<br \/>BABIRUSA DANZA<\/h1>\t\t\t\t\t\t\t\t<\/div>\n\t\t\t\t<\/div>\n\t\t\t\t\t<\/div>\n\t\t<\/div>\n\t\t\t\t<div class=\"elementor-column elementor-col-25 elementor-top-column elementor-element elementor-element-afc85fa\" data-id=\"afc85fa\" data-element_type=\"column\" data-e-type=\"column\">\n\t\t\t<div class=\"elementor-widget-wrap elementor-element-populated\">\n\t\t\t\t\t\t<div class=\"elementor-element elementor-element-91447d0 elementor-widget elementor-widget-text-editor\" data-id=\"91447d0\" data-element_type=\"widget\" data-e-type=\"widget\" data-widget_type=\"text-editor.default\">\n\t\t\t\t<div class=\"elementor-widget-container\">\n\t\t\t\t\t\t\t\t\t<p>The main purpose of this artistic company has always aimed at creating a space for contemporary reflexi\u00f3n where a dialogue can be established among different artists with their own particular views.<\/p>\t\t\t\t\t\t\t\t<\/div>\n\t\t\t\t<\/div>\n\t\t\t\t<div class=\"elementor-element elementor-element-716de22 elementor-widget elementor-widget-qbutton\" data-id=\"716de22\" data-element_type=\"widget\" data-e-type=\"widget\" data-widget_type=\"qbutton.default\">\n\t\t\t\t<div class=\"elementor-widget-container\">\n\t\t\t\t\t<a href=\"https:\/\/babirusadanza.com\/en\/productions-babirusa-danza\/\" target=\"_self\" data-hover-background-color='#212E21' data-hover-border-color='#212E21' data-hover-color='#FFFFFF' class=\"qbutton  small\" style=\"color: #030303; border-color: #CECECE; background-color: #FFFFFF00;\">PRODUCTIONS<\/a>\t\t\t\t<\/div>\n\t\t\t\t<\/div>\n\t\t\t\t\t<\/div>\n\t\t<\/div>\n\t\t\t\t<div class=\"elementor-column elementor-col-25 elementor-top-column elementor-element elementor-element-5bc57d3\" data-id=\"5bc57d3\" data-element_type=\"column\" data-e-type=\"column\">\n\t\t\t<div class=\"elementor-widget-wrap\">\n\t\t\t\t\t\t\t<\/div>\n\t\t<\/div>\n\t\t\t\t\t<\/div>\n\t\t<\/section>\n\t\t\t\t<section class=\"elementor-section elementor-top-section elementor-element elementor-element-1c49bf3 elementor-section-content-top elementor-section-boxed elementor-section-height-default elementor-section-height-default parallax_section_no qode_elementor_container_no qode-content-aligment-left\" data-id=\"1c49bf3\" data-element_type=\"section\" data-e-type=\"section\" data-settings=\"{&quot;background_background&quot;:&quot;classic&quot;}\">\n\t\t\t\t\t\t<div class=\"elementor-container elementor-column-gap-no\">\n\t\t\t\t\t<div class=\"elementor-column elementor-col-50 elementor-top-column elementor-element elementor-element-db0bcc3\" data-id=\"db0bcc3\" data-element_type=\"column\" data-e-type=\"column\" data-settings=\"{&quot;background_background&quot;:&quot;classic&quot;}\">\n\t\t\t<div class=\"elementor-widget-wrap elementor-element-populated\">\n\t\t\t\t\t\t<div class=\"elementor-element elementor-element-5052a94 elementor-widget elementor-widget-spacer\" data-id=\"5052a94\" data-element_type=\"widget\" data-e-type=\"widget\" data-widget_type=\"spacer.default\">\n\t\t\t\t<div class=\"elementor-widget-container\">\n\t\t\t\t\t\t\t<div class=\"elementor-spacer\">\n\t\t\t<div class=\"elementor-spacer-inner\"><\/div>\n\t\t<\/div>\n\t\t\t\t\t\t<\/div>\n\t\t\t\t<\/div>\n\t\t\t\t\t<\/div>\n\t\t<\/div>\n\t\t\t\t<div class=\"elementor-column elementor-col-50 elementor-top-column elementor-element elementor-element-9f3584c\" data-id=\"9f3584c\" data-element_type=\"column\" data-e-type=\"column\" data-settings=\"{&quot;background_background&quot;:&quot;classic&quot;}\">\n\t\t\t<div class=\"elementor-widget-wrap elementor-element-populated\">\n\t\t\t\t\t\t<div class=\"elementor-element elementor-element-5e701a9 elementor-widget elementor-widget-text-editor\" data-id=\"5e701a9\" data-element_type=\"widget\" data-e-type=\"widget\" data-widget_type=\"text-editor.default\">\n\t\t\t\t<div class=\"elementor-widget-container\">\n\t\t\t\t\t\t\t\t\t<h1>Beatriz Palenzuela<\/h1>\t\t\t\t\t\t\t\t<\/div>\n\t\t\t\t<\/div>\n\t\t\t\t<div class=\"elementor-element elementor-element-f4eec62 elementor-widget elementor-widget-text-editor\" data-id=\"f4eec62\" data-element_type=\"widget\" data-e-type=\"widget\" data-widget_type=\"text-editor.default\">\n\t\t\t\t<div class=\"elementor-widget-container\">\n\t\t\t\t\t\t\t\t\t<h3>DIRECTION, CHOREOGRAPHY\nAND PERFORMANCE<\/h3>\t\t\t\t\t\t\t\t<\/div>\n\t\t\t\t<\/div>\n\t\t\t\t<div class=\"elementor-element elementor-element-17fd840 elementor-widget elementor-widget-text-editor\" data-id=\"17fd840\" data-element_type=\"widget\" data-e-type=\"widget\" data-widget_type=\"text-editor.default\">\n\t\t\t\t<div class=\"elementor-widget-container\">\n\t\t\t\t\t\t\t\t\t<p>The Art Director and coreographer of Babirusa Danza has been able to present her artistic productions in various national and international festivals. Her dance education includes Classic and Contemporary Dance in Spain, England,Germany, Holland and The United States. She has been awarded repeatedly both as an interpreter and artistic creator. She is also a founding member of the Community Coreographers Group in Conde Duque, Madrid.<\/p>\t\t\t\t\t\t\t\t<\/div>\n\t\t\t\t<\/div>\n\t\t\t\t<div class=\"elementor-element elementor-element-af4f158 elementor-widget__width-auto elementor-widget elementor-widget-toggle\" data-id=\"af4f158\" data-element_type=\"widget\" data-e-type=\"widget\" data-widget_type=\"toggle.default\">\n\t\t\t\t<div class=\"elementor-widget-container\">\n\t\t\t\t\t\t\t<div class=\"elementor-toggle\">\n\t\t\t\t\t\t\t<div class=\"elementor-toggle-item\">\n\t\t\t\t\t<div id=\"elementor-tab-title-1831\" class=\"elementor-tab-title\" data-tab=\"1\" role=\"button\" aria-controls=\"elementor-tab-content-1831\" aria-expanded=\"false\">\n\t\t\t\t\t\t\t\t\t\t\t\t<span class=\"elementor-toggle-icon elementor-toggle-icon-left\" aria-hidden=\"true\">\n\t\t\t\t\t\t\t\t\t\t\t\t\t\t\t<span class=\"elementor-toggle-icon-closed\"><i class=\"fas fa-caret-right\"><\/i><\/span>\n\t\t\t\t\t\t\t\t<span class=\"elementor-toggle-icon-opened\"><i class=\"elementor-toggle-icon-opened fas fa-caret-up\"><\/i><\/span>\n\t\t\t\t\t\t\t\t\t\t\t\t\t<\/span>\n\t\t\t\t\t\t\t\t\t\t\t\t<a class=\"elementor-toggle-title\" tabindex=\"0\">MORE INFORMATION<\/a>\n\t\t\t\t\t<\/div>\n\n\t\t\t\t\t<div id=\"elementor-tab-content-1831\" class=\"elementor-tab-content elementor-clearfix\" data-tab=\"1\" role=\"region\" aria-labelledby=\"elementor-tab-title-1831\"><p>Beatriz began her contemporary dance training at the Real Conservatorio Profesional de Danza Marienma of Madrid and later studied with Carmen Senra (Madrid) and Henny Jurriens Stiching (\u00c1msterdam). She studied ballet at Iom Beitia\u2019s school and at the Royal Academy of Dancing. In United States was selected at the Forsythe Project with Richard Siegal, Nik Ha ner and Dana Caspersen. She also attended courses with Roberto Oliv\u00e1n, David Zambrano, Mar\u00eda Mu\u00f1oz y Pep Ramis (Mal Pelo) and M\u00f3nica Valenciano among others.<\/p><p>She began her professional career with Larumbe Danza, Teresa Nieto, Pedro Berd\u00e4yes and Sharon Fridman. She joined the Trasdanza 2007 in Madrid organised by Asociaci\u00f3n de Profesionales de la Danza with the choreographers Dami\u00e1n Mu\u00f1oz, Carmen Werner, Da- niela Merlo, Michelle Man and Nicolas Rambaud.<\/p><p>Among other venues she has been invited as contemporary dance and creation teacher at Bamb\u00fa Danza Madrid, Ars Madrid School of Music and Dance, Cultural Association Gru\u00f1idos Salvajes Madrid, Madrid European University, Madrid Dance Professional Association, Donosti Municipal School for Music and Dance and Madrid Descalzinha Danza<\/p><\/div>\n\t\t\t\t<\/div>\n\t\t\t\t\t\t\t\t<\/div>\n\t\t\t\t\t\t<\/div>\n\t\t\t\t<\/div>\n\t\t\t\t\t<\/div>\n\t\t<\/div>\n\t\t\t\t\t<\/div>\n\t\t<\/section>\n\t\t\t\t<section class=\"elementor-section elementor-top-section elementor-element elementor-element-b4cffe4 elementor-section-content-top elementor-section-boxed elementor-section-height-default elementor-section-height-default parallax_section_no qode_elementor_container_no qode-content-aligment-left\" data-id=\"b4cffe4\" data-element_type=\"section\" data-e-type=\"section\">\n\t\t\t\t\t\t<div class=\"elementor-container elementor-column-gap-no\">\n\t\t\t\t\t<div class=\"elementor-column elementor-col-50 elementor-top-column elementor-element elementor-element-0fdb54a\" data-id=\"0fdb54a\" data-element_type=\"column\" data-e-type=\"column\" data-settings=\"{&quot;background_background&quot;:&quot;classic&quot;}\">\n\t\t\t<div class=\"elementor-widget-wrap elementor-element-populated\">\n\t\t\t\t\t\t<div class=\"elementor-element elementor-element-84f8d1a elementor-widget elementor-widget-text-editor\" data-id=\"84f8d1a\" data-element_type=\"widget\" data-e-type=\"widget\" data-widget_type=\"text-editor.default\">\n\t\t\t\t<div class=\"elementor-widget-container\">\n\t\t\t\t\t\t\t\t\t<h2>RAFAEL DE LA LASTRA<\/h2>\n\t\t\t\t\t\t\t\t<\/div>\n\t\t\t\t<\/div>\n\t\t\t\t<div class=\"elementor-element elementor-element-ee81b41 elementor-widget elementor-widget-text-editor\" data-id=\"ee81b41\" data-element_type=\"widget\" data-e-type=\"widget\" data-widget_type=\"text-editor.default\">\n\t\t\t\t<div class=\"elementor-widget-container\">\n\t\t\t\t\t\t\t\t\t<h3>CO-DIRECTION AND PERFORMANCE<\/h3>\t\t\t\t\t\t\t\t<\/div>\n\t\t\t\t<\/div>\n\t\t\t\t<div class=\"elementor-element elementor-element-1a728ac elementor-widget elementor-widget-text-editor\" data-id=\"1a728ac\" data-element_type=\"widget\" data-e-type=\"widget\" data-widget_type=\"text-editor.default\">\n\t\t\t\t<div class=\"elementor-widget-container\">\n\t\t\t\t\t\t\t\t\t<p>He founded with Beatriz Palenzuela Babirusa Danza, working as assistant, choreographer and performer<\/p><p>He trained acting at the Cuarta Pared school, body theatre at the Taller de Formaci\u00f3n y Creaci\u00f3n Teatral under the artistic direction of Mar Navarro and Andr\u00e9s Hern\u00e1ndez and attended mime workshop at Amsterdam\u2019s Theatre School.<\/p>\t\t\t\t\t\t\t\t<\/div>\n\t\t\t\t<\/div>\n\t\t\t\t<div class=\"elementor-element elementor-element-b27d74f elementor-widget__width-auto elementor-widget elementor-widget-toggle\" data-id=\"b27d74f\" data-element_type=\"widget\" data-e-type=\"widget\" data-widget_type=\"toggle.default\">\n\t\t\t\t<div class=\"elementor-widget-container\">\n\t\t\t\t\t\t\t<div class=\"elementor-toggle\">\n\t\t\t\t\t\t\t<div class=\"elementor-toggle-item\">\n\t\t\t\t\t<div id=\"elementor-tab-title-1871\" class=\"elementor-tab-title\" data-tab=\"1\" role=\"button\" aria-controls=\"elementor-tab-content-1871\" aria-expanded=\"false\">\n\t\t\t\t\t\t\t\t\t\t\t\t<span class=\"elementor-toggle-icon elementor-toggle-icon-left\" aria-hidden=\"true\">\n\t\t\t\t\t\t\t\t\t\t\t\t\t\t\t<span class=\"elementor-toggle-icon-closed\"><i class=\"fas fa-caret-right\"><\/i><\/span>\n\t\t\t\t\t\t\t\t<span class=\"elementor-toggle-icon-opened\"><i class=\"elementor-toggle-icon-opened fas fa-caret-up\"><\/i><\/span>\n\t\t\t\t\t\t\t\t\t\t\t\t\t<\/span>\n\t\t\t\t\t\t\t\t\t\t\t\t<a class=\"elementor-toggle-title\" tabindex=\"0\">MORE INFORMATION<\/a>\n\t\t\t\t\t<\/div>\n\n\t\t\t\t\t<div id=\"elementor-tab-content-1871\" class=\"elementor-tab-content elementor-clearfix\" data-tab=\"1\" role=\"region\" aria-labelledby=\"elementor-tab-title-1871\"><p>He trained in contemporary dance in Madrid under David Zambrano, Michelle Man, Beatriz Palenzuela, Marta Carrasco, I\u00f1aki Azpillaga, Sharon Fridman and 10&amp;10 Danza; in Amsterdam at the Henny Jurriens Stiching and in United States at the American Dance Festival where he participer as an auditor in the Forsythe Project under Richard Siegal, Nik Haffner and Dana Caspersen.<\/p><p>He worked with El Curro DT at the XVII Festival Internacional Madrid en Danza 2002 and at Els Comediants.<\/p><p>Co-founder of Core\u00f3grafos en Comunidad Collective in Conde Duque Madrid.<\/p><\/div>\n\t\t\t\t<\/div>\n\t\t\t\t\t\t\t\t<\/div>\n\t\t\t\t\t\t<\/div>\n\t\t\t\t<\/div>\n\t\t\t\t\t<\/div>\n\t\t<\/div>\n\t\t\t\t<div class=\"elementor-column elementor-col-50 elementor-top-column elementor-element elementor-element-14b07fb\" data-id=\"14b07fb\" data-element_type=\"column\" data-e-type=\"column\" data-settings=\"{&quot;background_background&quot;:&quot;classic&quot;}\">\n\t\t\t<div class=\"elementor-widget-wrap elementor-element-populated\">\n\t\t\t\t\t\t<div class=\"elementor-element elementor-element-f5968e1 elementor-widget elementor-widget-spacer\" data-id=\"f5968e1\" data-element_type=\"widget\" data-e-type=\"widget\" data-widget_type=\"spacer.default\">\n\t\t\t\t<div class=\"elementor-widget-container\">\n\t\t\t\t\t\t\t<div class=\"elementor-spacer\">\n\t\t\t<div class=\"elementor-spacer-inner\"><\/div>\n\t\t<\/div>\n\t\t\t\t\t\t<\/div>\n\t\t\t\t<\/div>\n\t\t\t\t\t<\/div>\n\t\t<\/div>\n\t\t\t\t\t<\/div>\n\t\t<\/section>\n\t\t\t\t<section class=\"elementor-section elementor-top-section elementor-element elementor-element-bdbb100 elementor-section-boxed elementor-section-height-default elementor-section-height-default parallax_section_no qode_elementor_container_no qode-content-aligment-left\" data-id=\"bdbb100\" data-element_type=\"section\" data-e-type=\"section\">\n\t\t\t\t\t\t<div class=\"elementor-container elementor-column-gap-default\">\n\t\t\t\t\t<div class=\"elementor-column elementor-col-100 elementor-top-column elementor-element elementor-element-3b2c1b6\" data-id=\"3b2c1b6\" data-element_type=\"column\" data-e-type=\"column\">\n\t\t\t<div class=\"elementor-widget-wrap elementor-element-populated\">\n\t\t\t\t\t\t<div class=\"elementor-element elementor-element-9d21983 elementor-shape-circle elementor-grid-0 e-grid-align-center elementor-widget elementor-widget-social-icons\" data-id=\"9d21983\" data-element_type=\"widget\" data-e-type=\"widget\" data-widget_type=\"social-icons.default\">\n\t\t\t\t<div class=\"elementor-widget-container\">\n\t\t\t\t\t\t\t<div class=\"elementor-social-icons-wrapper elementor-grid\" role=\"list\">\n\t\t\t\t\t\t\t<span class=\"elementor-grid-item\" role=\"listitem\">\n\t\t\t\t\t<a class=\"elementor-icon elementor-social-icon elementor-social-icon-facebook elementor-repeater-item-77875fa\" href=\"https:\/\/www.facebook.com\/babirusa.danza?locale=es_ES%2F\" target=\"_blank\">\n\t\t\t\t\t\t<span class=\"elementor-screen-only\">Facebook<\/span>\n\t\t\t\t\t\t<i aria-hidden=\"true\" class=\"fab fa-facebook\"><\/i>\t\t\t\t\t<\/a>\n\t\t\t\t<\/span>\n\t\t\t\t\t\t\t<span class=\"elementor-grid-item\" role=\"listitem\">\n\t\t\t\t\t<a class=\"elementor-icon elementor-social-icon elementor-social-icon-twitter elementor-repeater-item-811d946\" href=\"https:\/\/twitter.com\/babirusadanza\" target=\"_blank\">\n\t\t\t\t\t\t<span class=\"elementor-screen-only\">Twitter<\/span>\n\t\t\t\t\t\t<i aria-hidden=\"true\" class=\"fab fa-twitter\"><\/i>\t\t\t\t\t<\/a>\n\t\t\t\t<\/span>\n\t\t\t\t\t\t\t<span class=\"elementor-grid-item\" role=\"listitem\">\n\t\t\t\t\t<a class=\"elementor-icon elementor-social-icon elementor-social-icon-vimeo elementor-repeater-item-1618e80\" href=\"https:\/\/vimeo.com\/babirusadanza\" target=\"_blank\">\n\t\t\t\t\t\t<span class=\"elementor-screen-only\">Vimeo<\/span>\n\t\t\t\t\t\t<i aria-hidden=\"true\" class=\"fab fa-vimeo\"><\/i>\t\t\t\t\t<\/a>\n\t\t\t\t<\/span>\n\t\t\t\t\t\t\t<span class=\"elementor-grid-item\" role=\"listitem\">\n\t\t\t\t\t<a class=\"elementor-icon elementor-social-icon elementor-social-icon-instagram elementor-repeater-item-ad28357\" href=\"https:\/\/www.instagram.com\/babirusadanza\/\" target=\"_blank\">\n\t\t\t\t\t\t<span class=\"elementor-screen-only\">Instagram<\/span>\n\t\t\t\t\t\t<i aria-hidden=\"true\" class=\"fab fa-instagram\"><\/i>\t\t\t\t\t<\/a>\n\t\t\t\t<\/span>\n\t\t\t\t\t<\/div>\n\t\t\t\t\t\t<\/div>\n\t\t\t\t<\/div>\n\t\t\t\t\t<\/div>\n\t\t<\/div>\n\t\t\t\t\t<\/div>\n\t\t<\/section>\n\t\t\t\t<section class=\"elementor-section elementor-top-section elementor-element elementor-element-dd18454 elementor-section-boxed elementor-section-height-default elementor-section-height-default parallax_section_no qode_elementor_container_no qode-content-aligment-left\" data-id=\"dd18454\" data-element_type=\"section\" data-e-type=\"section\">\n\t\t\t\t\t\t<div class=\"elementor-container elementor-column-gap-default\">\n\t\t\t\t\t<div class=\"elementor-column elementor-col-100 elementor-top-column elementor-element elementor-element-9a86547\" data-id=\"9a86547\" data-element_type=\"column\" data-e-type=\"column\">\n\t\t\t<div class=\"elementor-widget-wrap elementor-element-populated\">\n\t\t\t\t\t\t<div class=\"elementor-element elementor-element-a275e5c elementor-widget elementor-widget-spacer\" data-id=\"a275e5c\" data-element_type=\"widget\" data-e-type=\"widget\" data-widget_type=\"spacer.default\">\n\t\t\t\t<div class=\"elementor-widget-container\">\n\t\t\t\t\t\t\t<div class=\"elementor-spacer\">\n\t\t\t<div class=\"elementor-spacer-inner\"><\/div>\n\t\t<\/div>\n\t\t\t\t\t\t<\/div>\n\t\t\t\t<\/div>\n\t\t\t\t\t<\/div>\n\t\t<\/div>\n\t\t\t\t\t<\/div>\n\t\t<\/section>\n\t\t\t\t<\/div>\n\t\t","protected":false},"excerpt":{"rendered":"<p>FOUNDERS,BABIRUSA DANZA The main purpose of this artistic company has always aimed at creating a space for contemporary reflexi\u00f3n where a dialogue can be established among different artists with their own particular views. PRODUCTIONS Beatriz Palenzuela DIRECTION, CHOREOGRAPHY AND PERFORMANCE The Art Director and coreographer&#8230;<\/p>\n","protected":false},"author":1,"featured_media":0,"parent":0,"menu_order":0,"comment_status":"closed","ping_status":"closed","template":"","meta":{"footnotes":""},"class_list":["post-2175","page","type-page","status-publish","hentry"],"yoast_head":"<!-- This site is optimized with the Yoast SEO plugin v27.5 - https:\/\/yoast.com\/product\/yoast-seo-wordpress\/ -->\n<title>Biograf\u00eda babirusa danza | Conoce Babirusa danza<\/title>\n<meta name=\"description\" content=\"Biografia babirusa danza, . En sus creaciones se revelan multiples sugerencias donde construir un universo de contemplaciones.\" \/>\n<meta name=\"robots\" content=\"index, follow, max-snippet:-1, max-image-preview:large, max-video-preview:-1\" \/>\n<link rel=\"canonical\" href=\"https:\/\/babirusadanza.com\/en\/bio-babirusa-danza\/\" \/>\n<meta property=\"og:locale\" content=\"en_US\" \/>\n<meta property=\"og:type\" content=\"article\" \/>\n<meta property=\"og:title\" content=\"Biograf\u00eda babirusa danza | Conoce Babirusa danza\" \/>\n<meta property=\"og:description\" content=\"Biografia babirusa danza, . En sus creaciones se revelan multiples sugerencias donde construir un universo de contemplaciones.\" \/>\n<meta property=\"og:url\" content=\"https:\/\/babirusadanza.com\/en\/bio-babirusa-danza\/\" \/>\n<meta property=\"og:site_name\" content=\"Babirusa Danza\" \/>\n<meta property=\"article:modified_time\" content=\"2024-05-22T11:49:33+00:00\" \/>\n<meta name=\"twitter:card\" content=\"summary_large_image\" \/>\n<meta name=\"twitter:label1\" content=\"Est. reading time\" \/>\n\t<meta name=\"twitter:data1\" content=\"2 minutes\" \/>\n<script type=\"application\/ld+json\" class=\"yoast-schema-graph\">{\"@context\":\"https:\\\/\\\/schema.org\",\"@graph\":[{\"@type\":\"WebPage\",\"@id\":\"https:\\\/\\\/babirusadanza.com\\\/en\\\/bio-babirusa-danza\\\/\",\"url\":\"https:\\\/\\\/babirusadanza.com\\\/en\\\/bio-babirusa-danza\\\/\",\"name\":\"Biograf\u00eda babirusa danza | Conoce Babirusa danza\",\"isPartOf\":{\"@id\":\"https:\\\/\\\/babirusadanza.com\\\/#website\"},\"datePublished\":\"2021-01-18T10:55:38+00:00\",\"dateModified\":\"2024-05-22T11:49:33+00:00\",\"description\":\"Biografia babirusa danza, . En sus creaciones se revelan multiples sugerencias donde construir un universo de contemplaciones.\",\"breadcrumb\":{\"@id\":\"https:\\\/\\\/babirusadanza.com\\\/en\\\/bio-babirusa-danza\\\/#breadcrumb\"},\"inLanguage\":\"en-US\",\"potentialAction\":[{\"@type\":\"ReadAction\",\"target\":[\"https:\\\/\\\/babirusadanza.com\\\/en\\\/bio-babirusa-danza\\\/\"]}]},{\"@type\":\"BreadcrumbList\",\"@id\":\"https:\\\/\\\/babirusadanza.com\\\/en\\\/bio-babirusa-danza\\\/#breadcrumb\",\"itemListElement\":[{\"@type\":\"ListItem\",\"position\":1,\"name\":\"Home\",\"item\":\"https:\\\/\\\/babirusadanza.com\\\/en\\\/\"},{\"@type\":\"ListItem\",\"position\":2,\"name\":\"Bio\"}]},{\"@type\":\"WebSite\",\"@id\":\"https:\\\/\\\/babirusadanza.com\\\/#website\",\"url\":\"https:\\\/\\\/babirusadanza.com\\\/\",\"name\":\"Babirusa Danza\",\"description\":\"\",\"publisher\":{\"@id\":\"https:\\\/\\\/babirusadanza.com\\\/#organization\"},\"potentialAction\":[{\"@type\":\"SearchAction\",\"target\":{\"@type\":\"EntryPoint\",\"urlTemplate\":\"https:\\\/\\\/babirusadanza.com\\\/?s={search_term_string}\"},\"query-input\":{\"@type\":\"PropertyValueSpecification\",\"valueRequired\":true,\"valueName\":\"search_term_string\"}}],\"inLanguage\":\"en-US\"},{\"@type\":\"Organization\",\"@id\":\"https:\\\/\\\/babirusadanza.com\\\/#organization\",\"name\":\"Babirusa Danza\",\"url\":\"https:\\\/\\\/babirusadanza.com\\\/\",\"logo\":{\"@type\":\"ImageObject\",\"inLanguage\":\"en-US\",\"@id\":\"https:\\\/\\\/babirusadanza.com\\\/#\\\/schema\\\/logo\\\/image\\\/\",\"url\":\"https:\\\/\\\/babirusadanza.com\\\/wp-content\\\/uploads\\\/2021\\\/01\\\/LOGO-BABIRUSA-GRANDE-1.png\",\"contentUrl\":\"https:\\\/\\\/babirusadanza.com\\\/wp-content\\\/uploads\\\/2021\\\/01\\\/LOGO-BABIRUSA-GRANDE-1.png\",\"width\":827,\"height\":255,\"caption\":\"Babirusa Danza\"},\"image\":{\"@id\":\"https:\\\/\\\/babirusadanza.com\\\/#\\\/schema\\\/logo\\\/image\\\/\"}}]}<\/script>\n<!-- \/ Yoast SEO plugin. -->","yoast_head_json":{"title":"Biograf\u00eda babirusa danza | Conoce Babirusa danza","description":"Biografia babirusa danza, . En sus creaciones se revelan multiples sugerencias donde construir un universo de contemplaciones.","robots":{"index":"index","follow":"follow","max-snippet":"max-snippet:-1","max-image-preview":"max-image-preview:large","max-video-preview":"max-video-preview:-1"},"canonical":"https:\/\/babirusadanza.com\/en\/bio-babirusa-danza\/","og_locale":"en_US","og_type":"article","og_title":"Biograf\u00eda babirusa danza | Conoce Babirusa danza","og_description":"Biografia babirusa danza, . En sus creaciones se revelan multiples sugerencias donde construir un universo de contemplaciones.","og_url":"https:\/\/babirusadanza.com\/en\/bio-babirusa-danza\/","og_site_name":"Babirusa Danza","article_modified_time":"2024-05-22T11:49:33+00:00","twitter_card":"summary_large_image","twitter_misc":{"Est. reading time":"2 minutes"},"schema":{"@context":"https:\/\/schema.org","@graph":[{"@type":"WebPage","@id":"https:\/\/babirusadanza.com\/en\/bio-babirusa-danza\/","url":"https:\/\/babirusadanza.com\/en\/bio-babirusa-danza\/","name":"Biograf\u00eda babirusa danza | Conoce Babirusa danza","isPartOf":{"@id":"https:\/\/babirusadanza.com\/#website"},"datePublished":"2021-01-18T10:55:38+00:00","dateModified":"2024-05-22T11:49:33+00:00","description":"Biografia babirusa danza, . En sus creaciones se revelan multiples sugerencias donde construir un universo de contemplaciones.","breadcrumb":{"@id":"https:\/\/babirusadanza.com\/en\/bio-babirusa-danza\/#breadcrumb"},"inLanguage":"en-US","potentialAction":[{"@type":"ReadAction","target":["https:\/\/babirusadanza.com\/en\/bio-babirusa-danza\/"]}]},{"@type":"BreadcrumbList","@id":"https:\/\/babirusadanza.com\/en\/bio-babirusa-danza\/#breadcrumb","itemListElement":[{"@type":"ListItem","position":1,"name":"Home","item":"https:\/\/babirusadanza.com\/en\/"},{"@type":"ListItem","position":2,"name":"Bio"}]},{"@type":"WebSite","@id":"https:\/\/babirusadanza.com\/#website","url":"https:\/\/babirusadanza.com\/","name":"Babirusa Danza","description":"","publisher":{"@id":"https:\/\/babirusadanza.com\/#organization"},"potentialAction":[{"@type":"SearchAction","target":{"@type":"EntryPoint","urlTemplate":"https:\/\/babirusadanza.com\/?s={search_term_string}"},"query-input":{"@type":"PropertyValueSpecification","valueRequired":true,"valueName":"search_term_string"}}],"inLanguage":"en-US"},{"@type":"Organization","@id":"https:\/\/babirusadanza.com\/#organization","name":"Babirusa Danza","url":"https:\/\/babirusadanza.com\/","logo":{"@type":"ImageObject","inLanguage":"en-US","@id":"https:\/\/babirusadanza.com\/#\/schema\/logo\/image\/","url":"https:\/\/babirusadanza.com\/wp-content\/uploads\/2021\/01\/LOGO-BABIRUSA-GRANDE-1.png","contentUrl":"https:\/\/babirusadanza.com\/wp-content\/uploads\/2021\/01\/LOGO-BABIRUSA-GRANDE-1.png","width":827,"height":255,"caption":"Babirusa Danza"},"image":{"@id":"https:\/\/babirusadanza.com\/#\/schema\/logo\/image\/"}}]}},"_links":{"self":[{"href":"https:\/\/babirusadanza.com\/en\/wp-json\/wp\/v2\/pages\/2175","targetHints":{"allow":["GET"]}}],"collection":[{"href":"https:\/\/babirusadanza.com\/en\/wp-json\/wp\/v2\/pages"}],"about":[{"href":"https:\/\/babirusadanza.com\/en\/wp-json\/wp\/v2\/types\/page"}],"author":[{"embeddable":true,"href":"https:\/\/babirusadanza.com\/en\/wp-json\/wp\/v2\/users\/1"}],"replies":[{"embeddable":true,"href":"https:\/\/babirusadanza.com\/en\/wp-json\/wp\/v2\/comments?post=2175"}],"version-history":[{"count":32,"href":"https:\/\/babirusadanza.com\/en\/wp-json\/wp\/v2\/pages\/2175\/revisions"}],"predecessor-version":[{"id":3173,"href":"https:\/\/babirusadanza.com\/en\/wp-json\/wp\/v2\/pages\/2175\/revisions\/3173"}],"wp:attachment":[{"href":"https:\/\/babirusadanza.com\/en\/wp-json\/wp\/v2\/media?parent=2175"}],"curies":[{"name":"wp","href":"https:\/\/api.w.org\/{rel}","templated":true}]}}